{"id":681,"date":"2023-05-02T18:47:46","date_gmt":"2023-05-02T18:47:46","guid":{"rendered":"https:\/\/excelenciaemfisioterapia.com.br\/site\/?page_id=681"},"modified":"2023-05-27T14:47:23","modified_gmt":"2023-05-27T14:47:23","slug":"contato","status":"publish","type":"page","link":"https:\/\/excelenciaemfisioterapia.com.br\/site\/contato\/","title":{"rendered":"Free Pass &#8211; Aula Experimental"},"content":{"rendered":"\n<p><\/p>\n\n\n\n<p><\/p>\n\n\n\n<p class=\"has-text-align-center\">Que bom que voc\u00ea chegou at\u00e9 aqui!<\/p>\n\n\n\n<p class=\"has-text-align-center\">Agora falta pouco para agendarmos sua aula experimental.<\/p>\n\n\n\n<p class=\"has-text-align-center\">Preencha o formul\u00e1rio abaixo que entraremos em contato com voc\u00ea.<\/p>\n\n\n\n<p class=\"has-text-align-center\">\n<div class=\"wpcf7 no-js\" id=\"wpcf7-f506-o1\" lang=\"pt-PT\" dir=\"ltr\" data-wpcf7-id=\"506\">\n<div class=\"screen-reader-response\"><p role=\"status\" aria-live=\"polite\" aria-atomic=\"true\"><\/p> <ul><\/ul><\/div>\n<form action=\"\/site\/wp-json\/wp\/v2\/pages\/681#wpcf7-f506-o1\" method=\"post\" class=\"wpcf7-form init\" aria-label=\"Formul\u00e1rio de contacto\" novalidate=\"novalidate\" data-status=\"init\">\n<fieldset class=\"hidden-fields-container\"><input type=\"hidden\" name=\"_wpcf7\" value=\"506\" \/><input type=\"hidden\" name=\"_wpcf7_version\" value=\"6.1.4\" \/><input type=\"hidden\" name=\"_wpcf7_locale\" value=\"pt_PT\" \/><input type=\"hidden\" name=\"_wpcf7_unit_tag\" value=\"wpcf7-f506-o1\" \/><input type=\"hidden\" name=\"_wpcf7_container_post\" value=\"0\" \/><input type=\"hidden\" name=\"_wpcf7_posted_data_hash\" value=\"\" \/><input type=\"hidden\" name=\"_wpcf7_recaptcha_response\" value=\"\" \/>\n<\/fieldset>\n<p><label> Nome (obrigat\u00f3rio)<br \/>\n<span class=\"wpcf7-form-control-wrap\" data-name=\"your-name\"><input size=\"40\" maxlength=\"400\" class=\"wpcf7-form-control wpcf7-text wpcf7-validates-as-required\" aria-required=\"true\" aria-invalid=\"false\" value=\"\" type=\"text\" name=\"your-name\" \/><\/span> <\/label>\n<\/p>\n<p><label> Telefone ou Whatsapp (obrigat\u00f3rio)<br \/>\n<span class=\"wpcf7-form-control-wrap\" data-name=\"tel-19\"><input size=\"40\" maxlength=\"400\" class=\"wpcf7-form-control wpcf7-tel wpcf7-validates-as-required wpcf7-text wpcf7-validates-as-tel\" aria-required=\"true\" aria-invalid=\"false\" value=\"\" type=\"tel\" name=\"tel-19\" \/><\/span> <\/label>\n<\/p>\n<p><label> Informe um servi\u00e7o (obrigat\u00f3rio)<br \/>\n<span class=\"wpcf7-form-control-wrap\" data-name=\"servico\"><input size=\"40\" maxlength=\"400\" class=\"wpcf7-form-control wpcf7-text wpcf7-validates-as-required\" aria-required=\"true\" aria-invalid=\"false\" value=\"\" type=\"text\" name=\"servico\" \/><\/span> <\/label>\n<\/p>\n<p><label> Escreva sua mensagem<br \/>\n<span class=\"wpcf7-form-control-wrap\" data-name=\"your-message\"><textarea cols=\"40\" rows=\"10\" maxlength=\"2000\" class=\"wpcf7-form-control wpcf7-textarea\" aria-invalid=\"false\" name=\"your-message\"><\/textarea><\/span> <\/label>\n<\/p>\n<p><input class=\"wpcf7-form-control wpcf7-submit has-spinner\" type=\"submit\" value=\"Enviar\" \/>\n<\/p><p style=\"display: none !important;\" class=\"akismet-fields-container\" data-prefix=\"_wpcf7_ak_\"><label>&#916;<textarea name=\"_wpcf7_ak_hp_textarea\" cols=\"45\" rows=\"8\" maxlength=\"100\"><\/textarea><\/label><input type=\"hidden\" id=\"ak_js_1\" name=\"_wpcf7_ak_js\" value=\"87\"\/><script>document.getElementById( \"ak_js_1\" ).setAttribute( \"value\", ( new Date() ).getTime() );<\/script><\/p><div class=\"wpcf7-response-output\" aria-hidden=\"true\"><\/div>\n<\/form>\n<\/div>\n<\/p>\n\n\n\n<p class=\"has-text-align-center\">Ou se preferir, fa\u00e7a contato atrav\u00e9s do nosso Whatsapp. <\/p>\n\n\n<div class=\"wp-block-image\">\n<figure class=\"aligncenter size-full is-resized\"><a href=\"https:\/\/wa.me\/5521996374028\" target=\"_blank\" rel=\"noreferrer noopener\"><img loading=\"lazy\" decoding=\"async\" src=\"https:\/\/excelenciaemfisioterapia.com.br\/site\/wp-content\/uploads\/2022\/08\/wzap2.png\" alt=\"\" class=\"wp-image-573\" width=\"343\" height=\"177\"\/><\/a><\/figure>\n<\/div>\n\n\n<p><\/p>\n","protected":false},"excerpt":{"rendered":"<p>Que bom que voc\u00ea chegou at\u00e9 aqui! Agora falta pouco para agendarmos sua aula experimental. Preencha o formul\u00e1rio abaixo que entraremos em contato com voc\u00ea. Ou se preferir, fa\u00e7a contato atrav\u00e9s do nosso Whatsapp.<\/p>\n","protected":false},"author":1,"featured_media":0,"parent":0,"menu_order":0,"comment_status":"closed","ping_status":"closed","template":"","meta":{"pagelayer_contact_templates":[],"_pagelayer_content":"","_joinchat":[],"footnotes":""},"class_list":["post-681","page","type-page","status-publish","hentry"],"_links":{"self":[{"href":"https:\/\/excelenciaemfisioterapia.com.br\/site\/wp-json\/wp\/v2\/pages\/681","targetHints":{"allow":["GET"]}}],"collection":[{"href":"https:\/\/excelenciaemfisioterapia.com.br\/site\/wp-json\/wp\/v2\/pages"}],"about":[{"href":"https:\/\/excelenciaemfisioterapia.com.br\/site\/wp-json\/wp\/v2\/types\/page"}],"author":[{"embeddable":true,"href":"https:\/\/excelenciaemfisioterapia.com.br\/site\/wp-json\/wp\/v2\/users\/1"}],"replies":[{"embeddable":true,"href":"https:\/\/excelenciaemfisioterapia.com.br\/site\/wp-json\/wp\/v2\/comments?post=681"}],"version-history":[{"count":2,"href":"https:\/\/excelenciaemfisioterapia.com.br\/site\/wp-json\/wp\/v2\/pages\/681\/revisions"}],"predecessor-version":[{"id":698,"href":"https:\/\/excelenciaemfisioterapia.com.br\/site\/wp-json\/wp\/v2\/pages\/681\/revisions\/698"}],"wp:attachment":[{"href":"https:\/\/excelenciaemfisioterapia.com.br\/site\/wp-json\/wp\/v2\/media?parent=681"}],"curies":[{"name":"wp","href":"https:\/\/api.w.org\/{rel}","templated":true}]}}